{"id":2633,"date":"2025-02-10T21:19:21","date_gmt":"2025-02-11T00:19:21","guid":{"rendered":"https:\/\/biblianamao.com.br\/politica-de-privacidade\/"},"modified":"2025-03-10T22:04:21","modified_gmt":"2025-03-11T01:04:21","slug":"privacy-policy","status":"publish","type":"page","link":"https:\/\/biblianamao.com.br\/en\/privacy-policy\/","title":{"rendered":"Privacy Policy"},"content":{"rendered":"\t\t<div data-elementor-type=\"wp-page\" data-elementor-id=\"2633\" class=\"elementor elementor-2633 elementor-5\" data-elementor-post-type=\"page\">\n\t\t\t\t<div class=\"elementor-element elementor-element-7a81f03 e-flex e-con-boxed e-con e-parent\" data-id=\"7a81f03\" data-element_type=\"container\" data-settings=\"{&quot;background_background&quot;:&quot;classic&quot;}\">\n\t\t\t\t\t<div class=\"e-con-inner\">\n\t\t\t\t<div class=\"elementor-element elementor-element-338668d elementor-widget elementor-widget-heading\" data-id=\"338668d\" data-element_type=\"widget\" data-widget_type=\"heading.default\">\n\t\t\t\t<div class=\"elementor-widget-container\">\n\t\t\t\t\t<h2 class=\"elementor-heading-title elementor-size-default\">Privacy Policy<\/h2>\t\t\t\t<\/div>\n\t\t\t\t<\/div>\n\t\t\t\t\t<\/div>\n\t\t\t\t<\/div>\n\t\t<div class=\"elementor-element elementor-element-6c785e63 e-flex e-con-boxed e-con e-parent\" data-id=\"6c785e63\" data-element_type=\"container\">\n\t\t\t\t\t<div class=\"e-con-inner\">\n\t\t\t\t<div class=\"elementor-element elementor-element-54312503 elementor-widget elementor-widget-text-editor\" data-id=\"54312503\" data-element_type=\"widget\" data-widget_type=\"text-editor.default\">\n\t\t\t\t<div class=\"elementor-widget-container\">\n\t\t\t\t\t\t\t\t\t\n<div class=\"font-claude-message  relative  leading-[1.65rem]  [&amp;&gt;div&gt;div&gt;:is(p,ul,ol)]:pr-4  md:[&amp;&gt;div&gt;div&gt;:is(p,ul,ol)]:pr-8  [&amp;_pre&gt;div]:bg-bg-300  [&amp;_.ignore-pre-bg&gt;div]:bg-transparent\">\n<div>\n<div class=\"grid-cols-1 grid gap-2.5 [&amp;_&gt;_*]:min-w-0\">\n<h1 class=\"text-2xl font-bold mt-1 text-text-200 wp-block-heading\">Who We Are<\/h1>\n<p class=\"whitespace-pre-wrap break-words\">Our website address is: <a class=\"underline\" href=\"https:\/\/biblianamao.com.br\">https:\/\/biblianamao.com.br<\/a>.<\/p>\n<h2 class=\"text-xl font-bold text-text-200 mt-1 -mb-0.5\">Comments<\/h2>\n<p class=\"whitespace-pre-wrap break-words\">When visitors leave comments on the site, we collect the data shown in the comment form, as well as the visitor&#8217;s IP address and browser data to help detect spam.<\/p>\n<p class=\"whitespace-pre-wrap break-words\">An anonymized string created from your email address (also called a hash) may be sent to the Gravatar service to verify if you use the service. The Gravatar privacy policy is available here: <a class=\"underline\" href=\"https:\/\/automattic.com\/privacy\/\">https:\/\/automattic.com\/privacy\/<\/a>. After your comment is approved, your profile picture will be publicly visible alongside your comment.<\/p>\n<h2 class=\"text-xl font-bold text-text-200 mt-1 -mb-0.5\">Media<\/h2>\n<p class=\"whitespace-pre-wrap break-words\">If you upload images to the website, avoid uploading images containing embedded location data (EXIF GPS). Visitors can download these images from the site and extract location data from them.<\/p>\n<h2 class=\"text-xl font-bold text-text-200 mt-1 -mb-0.5\">Cookies<\/h2>\n<p class=\"whitespace-pre-wrap break-words\">When you leave a comment on the site, you may opt to save your name, email, and website in cookies. This is for your convenience so that you don&#8217;t have to fill in your details again when making another comment. These cookies last for one year.<\/p>\n<p class=\"whitespace-pre-wrap break-words\">If you have an account and access this site, a temporary cookie will be created to determine if your browser accepts cookies. It contains no personal data and will be discarded when you close your browser.<\/p>\n<p class=\"whitespace-pre-wrap break-words\">When you log into the site, we also create several cookies to save your account information and your screen display choices. Login cookies last for two days, and screen options cookies last for one year. If you select &#8220;Remember me,&#8221; your login will be maintained for two weeks. If you log out of your account, the login cookies will be removed.<\/p>\n<p class=\"whitespace-pre-wrap break-words\">If you edit or publish an article, an additional cookie will be saved in your browser. This cookie includes no personal data and simply indicates the ID of the post related to the article you just edited. It expires after 1 day.<\/p>\n<h2 class=\"text-xl font-bold text-text-200 mt-1 -mb-0.5\">Embedded Media from Other Websites<\/h2>\n<p class=\"whitespace-pre-wrap break-words\">Articles on this site may include embedded content such as videos, images, articles, etc. Embedded content from other websites behaves exactly as if the visitor were visiting the other website.<\/p>\n<p class=\"whitespace-pre-wrap break-words\">These websites may collect data about you, use cookies, embed additional third-party tracking, and monitor your interaction with the embedded content, including tracking your interaction with the embedded content if you have an account and are logged into that website.<\/p>\n<h2 class=\"text-xl font-bold text-text-200 mt-1 -mb-0.5\">With Whom We Share Your Data<\/h2>\n<p class=\"whitespace-pre-wrap break-words\">If you request a password reset, your IP address will be included in the password reset email.<\/p>\n<h2 class=\"text-xl font-bold text-text-200 mt-1 -mb-0.5\">How Long We Retain Your Data<\/h2>\n<p class=\"whitespace-pre-wrap break-words\">If you leave a comment, the comment and its metadata are retained indefinitely. We do this so we can automatically recognize and approve any subsequent comments instead of holding them for moderation.<\/p>\n<p class=\"whitespace-pre-wrap break-words\">For users who register on our website (if any), we also store the personal information they provide in their user profile. All users can see, edit, or delete their personal information at any time (except they cannot change their username). Website administrators can also see and edit this information.<\/p>\n<h2 class=\"text-xl font-bold text-text-200 mt-1 -mb-0.5\">What Rights You Have Over Your Data<\/h2>\n<p class=\"whitespace-pre-wrap break-words\">If you have an account on this site or have left comments, you can request an exported file of the personal data we hold about you, including any data you have provided to us. You can also request that we erase any personal data we hold about you. This does not include any data we are obligated to keep for administrative, legal, or security purposes.<\/p>\n<h2 class=\"text-xl font-bold text-text-200 mt-1 -mb-0.5\">Where Your Data Is Sent<\/h2>\n<p class=\"whitespace-pre-wrap break-words\">Visitor comments may be checked by an automated spam detection service.<\/p>\n<\/div>\n<\/div>\n<\/div>\n\t\t\t\t\t\t\t\t<\/div>\n\t\t\t\t<\/div>\n\t\t\t\t\t<\/div>\n\t\t\t\t<\/div>\n\t\t\t\t<\/div>\n\t\t","protected":false},"excerpt":{"rendered":"<p>Pol\u00edticas de Privacidade Who We Ar O endere\u00e7o do nosso site \u00e9: https:\/\/biblianamao.com.br. Coment\u00e1rios Quando os visitantes deixam coment\u00e1rios no site, coletamos os dados mostrados no formul\u00e1rio de coment\u00e1rios, al\u00e9m do endere\u00e7o de IP e de dados do navegador do visitante, para auxiliar na detec\u00e7\u00e3o de spam. Uma sequ\u00eancia anonimizada de caracteres criada a partir [&hellip;]<\/p>\n","protected":false},"author":1,"featured_media":0,"parent":0,"menu_order":0,"comment_status":"closed","ping_status":"closed","template":"","meta":{"footnotes":""},"class_list":["post-2633","page","type-page","status-publish","hentry"],"yoast_head":"<!-- This site is optimized with the Yoast SEO Premium plugin v25.0 (Yoast SEO v25.9) - https:\/\/yoast.com\/wordpress\/plugins\/seo\/ -->\n<title>Privacy Policy<\/title>\n<meta name=\"robots\" content=\"index, follow, max-snippet:-1, max-image-preview:large, max-video-preview:-1\" \/>\n<link rel=\"canonical\" href=\"https:\/\/www.biblianamao.com.br\/en\/privacy-policy\/\" \/>\n<meta property=\"og:locale\" content=\"en_US\" \/>\n<meta property=\"og:type\" content=\"article\" \/>\n<meta property=\"og:title\" content=\"Privacy Policy\" \/>\n<meta property=\"og:description\" content=\"Pol\u00edticas de Privacidade Who We Ar O endere\u00e7o do nosso site \u00e9: https:\/\/biblianamao.com.br. Coment\u00e1rios Quando os visitantes deixam coment\u00e1rios no site, coletamos os dados mostrados no formul\u00e1rio de coment\u00e1rios, al\u00e9m do endere\u00e7o de IP e de dados do navegador do visitante, para auxiliar na detec\u00e7\u00e3o de spam. Uma sequ\u00eancia anonimizada de caracteres criada a partir [&hellip;]\" \/>\n<meta property=\"og:url\" content=\"https:\/\/www.biblianamao.com.br\/en\/privacy-policy\/\" \/>\n<meta property=\"og:site_name\" content=\"Bible in Hand\" \/>\n<meta property=\"article:publisher\" content=\"https:\/\/www.facebook.com\/people\/Biblia-na-M%c3%a3o\/61573068896152\/\" \/>\n<meta property=\"article:modified_time\" content=\"2025-03-11T01:04:21+00:00\" \/>\n<meta name=\"twitter:card\" content=\"summary_large_image\" \/>\n<script type=\"application\/ld+json\" class=\"yoast-schema-graph\">{\"@context\":\"https:\/\/schema.org\",\"@graph\":[{\"@type\":\"WebPage\",\"@id\":\"https:\/\/www.biblianamao.com.br\/en\/privacy-policy\/\",\"url\":\"https:\/\/www.biblianamao.com.br\/en\/privacy-policy\/\",\"name\":\"Privacy Policy\",\"isPartOf\":{\"@id\":\"https:\/\/biblianamao.com.br\/en\/#website\"},\"datePublished\":\"2025-02-11T00:19:21+00:00\",\"dateModified\":\"2025-03-11T01:04:21+00:00\",\"breadcrumb\":{\"@id\":\"https:\/\/www.biblianamao.com.br\/en\/privacy-policy\/#breadcrumb\"},\"inLanguage\":\"en-US\",\"potentialAction\":[{\"@type\":\"ReadAction\",\"target\":[\"https:\/\/www.biblianamao.com.br\/en\/privacy-policy\/\"]}]},{\"@type\":\"BreadcrumbList\",\"@id\":\"https:\/\/www.biblianamao.com.br\/en\/privacy-policy\/#breadcrumb\",\"itemListElement\":[{\"@type\":\"ListItem\",\"position\":1,\"name\":\"P\u00e1gina Inicial\",\"item\":\"https:\/\/biblianamao.com.br\/en\/\"},{\"@type\":\"ListItem\",\"position\":2,\"name\":\"Privacy Policy\"}]},{\"@type\":\"WebSite\",\"@id\":\"https:\/\/biblianamao.com.br\/en\/#website\",\"url\":\"https:\/\/biblianamao.com.br\/en\/\",\"name\":\"B\u00edblia na M\u00e3o\",\"description\":\"Biblical Studies and Articles on Various Topics\",\"publisher\":{\"@id\":\"https:\/\/biblianamao.com.br\/en\/#organization\"},\"potentialAction\":[{\"@type\":\"SearchAction\",\"target\":{\"@type\":\"EntryPoint\",\"urlTemplate\":\"https:\/\/biblianamao.com.br\/en\/?s={search_term_string}\"},\"query-input\":{\"@type\":\"PropertyValueSpecification\",\"valueRequired\":true,\"valueName\":\"search_term_string\"}}],\"inLanguage\":\"en-US\"},{\"@type\":\"Organization\",\"@id\":\"https:\/\/biblianamao.com.br\/en\/#organization\",\"name\":\"B\u00edblia na M\u00e3o\",\"url\":\"https:\/\/biblianamao.com.br\/en\/\",\"logo\":{\"@type\":\"ImageObject\",\"inLanguage\":\"en-US\",\"@id\":\"https:\/\/biblianamao.com.br\/en\/#\/schema\/logo\/image\/\",\"url\":\"https:\/\/biblianamao.com.br\/wp-content\/uploads\/2025\/02\/Logo-BibliaNaMao-Dentro-do-Circulo.png\",\"contentUrl\":\"https:\/\/biblianamao.com.br\/wp-content\/uploads\/2025\/02\/Logo-BibliaNaMao-Dentro-do-Circulo.png\",\"width\":170,\"height\":170,\"caption\":\"B\u00edblia na M\u00e3o\"},\"image\":{\"@id\":\"https:\/\/biblianamao.com.br\/en\/#\/schema\/logo\/image\/\"},\"sameAs\":[\"https:\/\/www.facebook.com\/people\/Biblia-na-M\u00e3o\/61573068896152\/\"]}]}<\/script>\n<!-- \/ Yoast SEO Premium plugin. -->","yoast_head_json":{"title":"Privacy Policy","robots":{"index":"index","follow":"follow","max-snippet":"max-snippet:-1","max-image-preview":"max-image-preview:large","max-video-preview":"max-video-preview:-1"},"canonical":"https:\/\/www.biblianamao.com.br\/en\/privacy-policy\/","og_locale":"en_US","og_type":"article","og_title":"Privacy Policy","og_description":"Pol\u00edticas de Privacidade Who We Ar O endere\u00e7o do nosso site \u00e9: https:\/\/biblianamao.com.br. Coment\u00e1rios Quando os visitantes deixam coment\u00e1rios no site, coletamos os dados mostrados no formul\u00e1rio de coment\u00e1rios, al\u00e9m do endere\u00e7o de IP e de dados do navegador do visitante, para auxiliar na detec\u00e7\u00e3o de spam. Uma sequ\u00eancia anonimizada de caracteres criada a partir [&hellip;]","og_url":"https:\/\/www.biblianamao.com.br\/en\/privacy-policy\/","og_site_name":"Bible in Hand","article_publisher":"https:\/\/www.facebook.com\/people\/Biblia-na-M%c3%a3o\/61573068896152\/","article_modified_time":"2025-03-11T01:04:21+00:00","twitter_card":"summary_large_image","schema":{"@context":"https:\/\/schema.org","@graph":[{"@type":"WebPage","@id":"https:\/\/www.biblianamao.com.br\/en\/privacy-policy\/","url":"https:\/\/www.biblianamao.com.br\/en\/privacy-policy\/","name":"Privacy Policy","isPartOf":{"@id":"https:\/\/biblianamao.com.br\/en\/#website"},"datePublished":"2025-02-11T00:19:21+00:00","dateModified":"2025-03-11T01:04:21+00:00","breadcrumb":{"@id":"https:\/\/www.biblianamao.com.br\/en\/privacy-policy\/#breadcrumb"},"inLanguage":"en-US","potentialAction":[{"@type":"ReadAction","target":["https:\/\/www.biblianamao.com.br\/en\/privacy-policy\/"]}]},{"@type":"BreadcrumbList","@id":"https:\/\/www.biblianamao.com.br\/en\/privacy-policy\/#breadcrumb","itemListElement":[{"@type":"ListItem","position":1,"name":"P\u00e1gina Inicial","item":"https:\/\/biblianamao.com.br\/en\/"},{"@type":"ListItem","position":2,"name":"Privacy Policy"}]},{"@type":"WebSite","@id":"https:\/\/biblianamao.com.br\/en\/#website","url":"https:\/\/biblianamao.com.br\/en\/","name":"B\u00edblia na M\u00e3o","description":"Biblical Studies and Articles on Various Topics","publisher":{"@id":"https:\/\/biblianamao.com.br\/en\/#organization"},"potentialAction":[{"@type":"SearchAction","target":{"@type":"EntryPoint","urlTemplate":"https:\/\/biblianamao.com.br\/en\/?s={search_term_string}"},"query-input":{"@type":"PropertyValueSpecification","valueRequired":true,"valueName":"search_term_string"}}],"inLanguage":"en-US"},{"@type":"Organization","@id":"https:\/\/biblianamao.com.br\/en\/#organization","name":"B\u00edblia na M\u00e3o","url":"https:\/\/biblianamao.com.br\/en\/","logo":{"@type":"ImageObject","inLanguage":"en-US","@id":"https:\/\/biblianamao.com.br\/en\/#\/schema\/logo\/image\/","url":"https:\/\/biblianamao.com.br\/wp-content\/uploads\/2025\/02\/Logo-BibliaNaMao-Dentro-do-Circulo.png","contentUrl":"https:\/\/biblianamao.com.br\/wp-content\/uploads\/2025\/02\/Logo-BibliaNaMao-Dentro-do-Circulo.png","width":170,"height":170,"caption":"B\u00edblia na M\u00e3o"},"image":{"@id":"https:\/\/biblianamao.com.br\/en\/#\/schema\/logo\/image\/"},"sameAs":["https:\/\/www.facebook.com\/people\/Biblia-na-M\u00e3o\/61573068896152\/"]}]}},"_links":{"self":[{"href":"https:\/\/biblianamao.com.br\/en\/wp-json\/wp\/v2\/pages\/2633","targetHints":{"allow":["GET"]}}],"collection":[{"href":"https:\/\/biblianamao.com.br\/en\/wp-json\/wp\/v2\/pages"}],"about":[{"href":"https:\/\/biblianamao.com.br\/en\/wp-json\/wp\/v2\/types\/page"}],"author":[{"embeddable":true,"href":"https:\/\/biblianamao.com.br\/en\/wp-json\/wp\/v2\/users\/1"}],"replies":[{"embeddable":true,"href":"https:\/\/biblianamao.com.br\/en\/wp-json\/wp\/v2\/comments?post=2633"}],"version-history":[{"count":4,"href":"https:\/\/biblianamao.com.br\/en\/wp-json\/wp\/v2\/pages\/2633\/revisions"}],"predecessor-version":[{"id":2637,"href":"https:\/\/biblianamao.com.br\/en\/wp-json\/wp\/v2\/pages\/2633\/revisions\/2637"}],"wp:attachment":[{"href":"https:\/\/biblianamao.com.br\/en\/wp-json\/wp\/v2\/media?parent=2633"}],"curies":[{"name":"wp","href":"https:\/\/api.w.org\/{rel}","templated":true}]}}